{"id":1305,"date":"2025-07-02T12:00:00","date_gmt":"2025-07-02T10:00:00","guid":{"rendered":"https:\/\/sticoverse.fr\/?page_id=1305"},"modified":"2025-07-02T14:14:30","modified_gmt":"2025-07-02T12:14:30","slug":"qui-suis-je","status":"publish","type":"page","link":"https:\/\/sticoverse.fr\/index.php\/qui-suis-je\/","title":{"rendered":"Qui suis-je ?"},"content":{"rendered":"\n<div class=\"wp-block-uagb-container uagb-layout-flex uagb-block-056e2e91 alignfull uagb-is-root-container\">\n<div class=\"wp-block-uagb-container uagb-layout-flex uagb-block-9460c0cd\">\n<style>\n.svg-icon {\n    width: 50px;\n    height: 50px;\n    display: inline-block;\n    cursor: pointer;\n    transition: fill 0.3s ease;\n}\n\n.svg-icon path {\n    fill: #F9F4EE;\n    transition: fill 0.3s ease;\n}\n\n.svg-icon:hover path {\n    fill: #007589;\n}\n<\/style>\n\n<a href=\"\/#accueil-article\" title=\"Aller \u00e0 l\u2019article sur la page d\u2019accueil\">\n    <svg class=\"svg-icon\" viewBox=\"0 0 24 24\" version=\"1.1\"\n         xmlns=\"http:\/\/www.w3.org\/2000\/svg\"\n         xmlns:xlink=\"http:\/\/www.w3.org\/1999\/xlink\"\n         xml:space=\"preserve\"\n         xmlns:serif=\"http:\/\/www.serif.com\/\"\n         style=\"fill-rule:evenodd;clip-rule:evenodd;stroke-linejoin:round;stroke-miterlimit:2;\">\n        <g transform=\"matrix(1,0,0,1,-1,-1)\">\n            <path d=\"M12.414,8L9.414,11L18,11L18,13L9.414,13L12.414,16L11,17.414L5.586,12L11,6.586L12.414,8Z\" \/>\n            <path d=\"M1,12C1,5.925 5.925,1 12,1C18.075,1 23,5.925 23,12C23,18.075 18.075,23 12,23C5.925,23 1,18.075 1,12ZM12,3C7.029,3 3,7.029 3,12C3,16.971 7.029,21 12,21C16.971,21 21,16.971 21,12C21,7.029 16.971,3 12,3Z\" \/>\n        <\/g>\n    <\/svg>\n<\/a>\n<\/div>\n\n\n\n<div class=\"wp-block-uagb-container uagb-block-88a443c3\"><h2 style=\"padding-top:var(--wp--preset--spacing--50);padding-bottom:0;padding-right:0;margin-top:0;\" class=\"has-text-align-center has-link-color alignfull wp-elements-a2bd334c478712e46f74d7755c51958f wp-block-post-title has-text-color has-ast-global-color-0-color\">Qui suis-je ?<\/h2><\/div>\n\n\n\n<div class=\"wp-block-uagb-container uagb-block-70fc5de5\"><\/div>\n<\/div>\n\n\n\n<div class=\"wp-block-stackable-image stk-block-image stk-block stk-f743e90\" data-block-id=\"f743e90\"><style>.stk-f743e90 {margin-top:var(--stk--preset--spacing--60, 2.25rem) !important;margin-bottom:var(--stk--preset--spacing--50, 1.5rem) !important;}.stk-f743e90 .stk-img-wrapper{width:60vw !important;}.stk-f743e90 .stk-img-wrapper img{object-fit:contain !important;}<\/style><figure><span class=\"stk-img-wrapper\"><img loading=\"lazy\" decoding=\"async\" class=\"stk-img wp-image-529\" src=\"https:\/\/sticoverse.fr\/wp-content\/uploads\/2025\/06\/IMG_0054-1-scaled.jpg\" width=\"2560\" height=\"1707\" alt=\"photo-miroir-tracteur-ferguson-canon-EOS1200D\" srcset=\"https:\/\/sticoverse.fr\/wp-content\/uploads\/2025\/06\/IMG_0054-1-scaled.jpg 2560w, https:\/\/sticoverse.fr\/wp-content\/uploads\/2025\/06\/IMG_0054-1-300x200.jpg 300w, https:\/\/sticoverse.fr\/wp-content\/uploads\/2025\/06\/IMG_0054-1-1024x683.jpg 1024w, https:\/\/sticoverse.fr\/wp-content\/uploads\/2025\/06\/IMG_0054-1-768x512.jpg 768w, https:\/\/sticoverse.fr\/wp-content\/uploads\/2025\/06\/IMG_0054-1-1536x1024.jpg 1536w, https:\/\/sticoverse.fr\/wp-content\/uploads\/2025\/06\/IMG_0054-1-2048x1365.jpg 2048w\" sizes=\"auto, (max-width: 2560px) 100vw, 2560px\" \/><\/span><\/figure><\/div>\n\n\n\n<p class=\"has-text-align-center\">Je m&rsquo;appelle L\u00e9o Grave et je suis un \u00e9tudiant en Bachelor Graphisme et Web Design \u00e0 EFFICOM Lille. Mon parcours a commenc\u00e9 dans un tout autre domaine : apr\u00e8s un DUT en G\u00e9nie Civil et Construction Durable, j\u2019ai d\u00e9cid\u00e9 de me r\u00e9orienter vers un univers plus cr\u00e9atif, plus libre, plus humain \u2014 celui du design et du web.<\/p>\n\n\n\n<p class=\"has-text-align-center\">Ce que j\u2019aime dans ce m\u00e9tier, c\u2019est de pouvoir transformer une id\u00e9e, parfois floue, en une solution visuelle claire, impactante et surtout, fid\u00e8le aux attentes de ceux pour qui je la cr\u00e9e. Voir un sourire sinc\u00e8re quand on livre un projet qui colle parfaitement \u00e0 ce que voulait le client, c\u2019est ce qui me motive chaque jour.<\/p>\n\n\n\n<p class=\"has-text-align-center\">Pers\u00e9v\u00e9rant, empathique et avec un vrai esprit d\u2019\u00e9quipe, je m\u2019\u00e9panouis dans les projets collaboratifs o\u00f9 chacun apporte sa pierre \u00e0 l&rsquo;\u00e9difice. Le design, pour moi, c\u2019est un terrain de jeu s\u00e9rieux : un endroit o\u00f9 la technique rencontre l\u2019humain, et o\u00f9 la cr\u00e9ativit\u00e9 peut s\u2019exprimer pleinement.<\/p>\n\n\n\n<p class=\"has-text-align-center\" style=\"margin-bottom:var(--wp--preset--spacing--50)\">En dehors de mes \u00e9tudes, je joue au football \u2014 un sport qui m\u2019a appris l\u2019importance du collectif \u2014 et je m\u2019int\u00e9resse beaucoup au d\u00e9veloppement personnel, parce que progresser, c\u2019est aussi mieux se conna\u00eetre.<\/p>\n","protected":false},"excerpt":{"rendered":"<p>Je m&rsquo;appelle L\u00e9o Grave et je suis un \u00e9tudiant en Bachelor Graphisme et Web Design \u00e0 EFFICOM Lille. Mon parcours [&hellip;]<\/p>\n","protected":false},"author":1,"featured_media":0,"parent":0,"menu_order":0,"comment_status":"closed","ping_status":"closed","template":"","meta":{"_acf_changed":false,"_uag_custom_page_level_css":"","site-sidebar-layout":"default","site-content-layout":"","ast-site-content-layout":"default","site-content-style":"default","site-sidebar-style":"default","ast-global-header-display":"","ast-banner-title-visibility":"","ast-main-header-display":"","ast-hfb-above-header-display":"","ast-hfb-below-header-display":"","ast-hfb-mobile-header-display":"","site-post-title":"disabled","ast-breadcrumbs-content":"","ast-featured-img":"","footer-sml-layout":"","ast-disable-related-posts":"","theme-transparent-header-meta":"","adv-header-id-meta":"","stick-header-meta":"","header-above-stick-meta":"","header-main-stick-meta":"","header-below-stick-meta":"","astra-migrate-meta-layouts":"default","ast-page-background-enabled":"default","ast-page-background-meta":{"desktop":{"background-color":"var(--ast-global-color-5)","background-image":"","background-repeat":"repeat","background-position":"center center","background-size":"auto","background-attachment":"scroll","background-type":"","background-media":"","overlay-type":"","overlay-color":"","overlay-opacity":"","overlay-gradient":""},"tablet":{"background-color":"","background-image":"","background-repeat":"repeat","background-position":"center center","background-size":"auto","background-attachment":"scroll","background-type":"","background-media":"","overlay-type":"","overlay-color":"","overlay-opacity":"","overlay-gradient":""},"mobile":{"background-color":"","background-image":"","background-repeat":"repeat","background-position":"center center","background-size":"auto","background-attachment":"scroll","background-type":"","background-media":"","overlay-type":"","overlay-color":"","overlay-opacity":"","overlay-gradient":""}},"ast-content-background-meta":{"desktop":{"background-color":"var(--ast-global-color-4)","background-image":"","background-repeat":"repeat","background-position":"center center","background-size":"auto","background-attachment":"scroll","background-type":"","background-media":"","overlay-type":"","overlay-color":"","overlay-opacity":"","overlay-gradient":""},"tablet":{"background-color":"var(--ast-global-color-4)","background-image":"","background-repeat":"repeat","background-position":"center center","background-size":"auto","background-attachment":"scroll","background-type":"","background-media":"","overlay-type":"","overlay-color":"","overlay-opacity":"","overlay-gradient":""},"mobile":{"background-color":"var(--ast-global-color-4)","background-image":"","background-repeat":"repeat","background-position":"center center","background-size":"auto","background-attachment":"scroll","background-type":"","background-media":"","overlay-type":"","overlay-color":"","overlay-opacity":"","overlay-gradient":""}},"footnotes":""},"class_list":["post-1305","page","type-page","status-publish","hentry"],"acf":[],"uagb_featured_image_src":{"full":false,"thumbnail":false,"medium":false,"medium_large":false,"large":false,"1536x1536":false,"2048x2048":false},"uagb_author_info":{"display_name":"Stico","author_link":"https:\/\/sticoverse.fr\/index.php\/author\/stico\/"},"uagb_comment_info":0,"uagb_excerpt":"Je m&rsquo;appelle L\u00e9o Grave et je suis un \u00e9tudiant en Bachelor Graphisme et Web Design \u00e0 EFFICOM Lille. Mon parcours [&hellip;]","_links":{"self":[{"href":"https:\/\/sticoverse.fr\/index.php\/wp-json\/wp\/v2\/pages\/1305","targetHints":{"allow":["GET"]}}],"collection":[{"href":"https:\/\/sticoverse.fr\/index.php\/wp-json\/wp\/v2\/pages"}],"about":[{"href":"https:\/\/sticoverse.fr\/index.php\/wp-json\/wp\/v2\/types\/page"}],"author":[{"embeddable":true,"href":"https:\/\/sticoverse.fr\/index.php\/wp-json\/wp\/v2\/users\/1"}],"replies":[{"embeddable":true,"href":"https:\/\/sticoverse.fr\/index.php\/wp-json\/wp\/v2\/comments?post=1305"}],"version-history":[{"count":5,"href":"https:\/\/sticoverse.fr\/index.php\/wp-json\/wp\/v2\/pages\/1305\/revisions"}],"predecessor-version":[{"id":1336,"href":"https:\/\/sticoverse.fr\/index.php\/wp-json\/wp\/v2\/pages\/1305\/revisions\/1336"}],"wp:attachment":[{"href":"https:\/\/sticoverse.fr\/index.php\/wp-json\/wp\/v2\/media?parent=1305"}],"curies":[{"name":"wp","href":"https:\/\/api.w.org\/{rel}","templated":true}]}}