{"id":1307,"date":"2025-07-02T13:38:20","date_gmt":"2025-07-02T11:38:20","guid":{"rendered":"https:\/\/sticoverse.fr\/?page_id=1307"},"modified":"2025-07-07T13:05:26","modified_gmt":"2025-07-07T11:05:26","slug":"contact","status":"publish","type":"page","link":"https:\/\/sticoverse.fr\/index.php\/contact\/","title":{"rendered":"Contact"},"content":{"rendered":"\n<p><\/p>\n\n\n\n<div class=\"wp-block-uagb-container uagb-layout-flex uagb-block-056e2e91 alignfull uagb-is-root-container\">\n<div class=\"wp-block-uagb-container uagb-layout-flex uagb-block-9460c0cd\">\n<style>\n.svg-icon {\n    width: 50px;\n    height: 50px;\n    display: inline-block;\n    cursor: pointer;\n    transition: fill 0.3s ease;\n}\n\n.svg-icon path {\n    fill: #F9F4EE;\n    transition: fill 0.3s ease;\n}\n\n.svg-icon:hover path {\n    fill: #007589;\n}\n<\/style>\n\n<a href=\"\/#accueil-article\" title=\"Aller \u00e0 l\u2019article sur la page d\u2019accueil\">\n    <svg class=\"svg-icon\" viewBox=\"0 0 24 24\" version=\"1.1\"\n         xmlns=\"http:\/\/www.w3.org\/2000\/svg\"\n         xmlns:xlink=\"http:\/\/www.w3.org\/1999\/xlink\"\n         xml:space=\"preserve\"\n         xmlns:serif=\"http:\/\/www.serif.com\/\"\n         style=\"fill-rule:evenodd;clip-rule:evenodd;stroke-linejoin:round;stroke-miterlimit:2;\">\n        <g transform=\"matrix(1,0,0,1,-1,-1)\">\n            <path d=\"M12.414,8L9.414,11L18,11L18,13L9.414,13L12.414,16L11,17.414L5.586,12L11,6.586L12.414,8Z\" \/>\n            <path d=\"M1,12C1,5.925 5.925,1 12,1C18.075,1 23,5.925 23,12C23,18.075 18.075,23 12,23C5.925,23 1,18.075 1,12ZM12,3C7.029,3 3,7.029 3,12C3,16.971 7.029,21 12,21C16.971,21 21,16.971 21,12C21,7.029 16.971,3 12,3Z\" \/>\n        <\/g>\n    <\/svg>\n<\/a>\n<\/div>\n\n\n\n<div class=\"wp-block-uagb-container uagb-block-88a443c3\"><h2 style=\"padding-top:var(--wp--preset--spacing--50);padding-bottom:0;padding-right:0;margin-top:0;\" class=\"has-text-align-center has-link-color alignfull wp-elements-a2bd334c478712e46f74d7755c51958f wp-block-post-title has-text-color has-ast-global-color-0-color\">Contact<\/h2><\/div>\n\n\n\n<div class=\"wp-block-uagb-container uagb-block-70fc5de5\"><\/div>\n<\/div>\n\n\n\n<div class=\"wp-block-uagb-forms uagb-forms__outer-wrap uagb-block-6b96f76f uagb-forms__medium-btn\"><form class=\"uagb-forms-main-form\" method=\"post\" autocomplete=\"on\" name=\"uagb-form-6b96f76f\">\n<div class=\"wp-block-uagb-forms-name uagb-forms-name-wrap uagb-forms-field-set uagb-block-6eacfea0\"><div class=\"uagb-forms-name-label required uagb-forms-input-label\" id=\"6eacfea0\">Nom<\/div><input type=\"text\" placeholder=\"Nom\" required class=\"uagb-forms-name-input uagb-forms-input\" name=\"6eacfea0\" autocomplete=\"given-name\"\/><\/div>\n\n\n\n<div class=\"wp-block-uagb-forms-name uagb-forms-name-wrap uagb-forms-field-set uagb-block-60510444\"><div class=\"uagb-forms-name-label required uagb-forms-input-label\" id=\"60510444\">Pr\u00e9nom<\/div><input type=\"text\" placeholder=\"Pr\u00e9nom\" required class=\"uagb-forms-name-input uagb-forms-input\" name=\"60510444\" autocomplete=\"family-name\"\/><\/div>\n\n\n\n<div class=\"wp-block-uagb-forms-email uagb-forms-email-wrap uagb-forms-field-set uagb-block-445d28ca\"><div class=\"uagb-forms-email-label required uagb-forms-input-label\" id=\"445d28ca\">Email<\/div><input type=\"email\" class=\"uagb-forms-email-input uagb-forms-input\" placeholder=\"example@mail.com\" required name=\"445d28ca\" autocomplete=\"email\"\/><\/div>\n\n\n\n<div class=\"wp-block-uagb-forms-textarea uagb-forms-textarea-wrap uagb-forms-field-set uagb-block-01241127\"><div class=\"uagb-forms-textarea-label required uagb-forms-input-label\" id=\"01241127\">Message<\/div><textarea required class=\"uagb-forms-textarea-input uagb-forms-input\" rows=\"4\" placeholder=\"D\u00e9crivez votre message\" name=\"01241127\" autocomplete=\"off\"><\/textarea><\/div>\n<div class=\"uagb-forms-form-hidden-data\"><input type=\"hidden\" class=\"uagb_forms_form_label\" value=\"Spectra Form\"\/><input type=\"hidden\" class=\"uagb_forms_form_id\" value=\"uagb-form-6b96f76f\"\/><\/div><div class=\"uagb-form-reacaptcha-error-6b96f76f\"><\/div><div class=\"uagb-forms-main-submit-button-wrap wp-block-button\"><button class=\"uagb-forms-main-submit-button wp-block-button__link\"><div class=\"uagb-forms-main-submit-button-text\">Envoyer<\/div><\/button><\/div><\/form><div class=\"uagb-forms-success-message-6b96f76f uagb-forms-submit-message-hide\"><span>Votre message a bien \u00e9t\u00e9 envoy\u00e9, merci !<\/span><\/div><div class=\"uagb-forms-failed-message-6b96f76f uagb-forms-submit-message-hide\"><span>Une erreur est survenue, merci de v\u00e9rifier vos informations avant d&rsquo;envoyer \u00e0 nouveau.<\/span><\/div><\/div>\n\n\n\n<p><\/p>\n","protected":false},"excerpt":{"rendered":"","protected":false},"author":1,"featured_media":0,"parent":0,"menu_order":0,"comment_status":"closed","ping_status":"closed","template":"","meta":{"_acf_changed":false,"_uag_custom_page_level_css":"","site-sidebar-layout":"default","site-content-layout":"","ast-site-content-layout":"default","site-content-style":"default","site-sidebar-style":"default","ast-global-header-display":"","ast-banner-title-visibility":"","ast-main-header-display":"","ast-hfb-above-header-display":"","ast-hfb-below-header-display":"","ast-hfb-mobile-header-display":"","site-post-title":"disabled","ast-breadcrumbs-content":"","ast-featured-img":"","footer-sml-layout":"","ast-disable-related-posts":"","theme-transparent-header-meta":"","adv-header-id-meta":"","stick-header-meta":"","header-above-stick-meta":"","header-main-stick-meta":"","header-below-stick-meta":"","astra-migrate-meta-layouts":"default","ast-page-background-enabled":"default","ast-page-background-meta":{"desktop":{"background-color":"var(--ast-global-color-5)","background-image":"","background-repeat":"repeat","background-position":"center center","background-size":"auto","background-attachment":"scroll","background-type":"","background-media":"","overlay-type":"","overlay-color":"","overlay-opacity":"","overlay-gradient":""},"tablet":{"background-color":"","background-image":"","background-repeat":"repeat","background-position":"center center","background-size":"auto","background-attachment":"scroll","background-type":"","background-media":"","overlay-type":"","overlay-color":"","overlay-opacity":"","overlay-gradient":""},"mobile":{"background-color":"","background-image":"","background-repeat":"repeat","background-position":"center center","background-size":"auto","background-attachment":"scroll","background-type":"","background-media":"","overlay-type":"","overlay-color":"","overlay-opacity":"","overlay-gradient":""}},"ast-content-background-meta":{"desktop":{"background-color":"var(--ast-global-color-4)","background-image":"","background-repeat":"repeat","background-position":"center center","background-size":"auto","background-attachment":"scroll","background-type":"","background-media":"","overlay-type":"","overlay-color":"","overlay-opacity":"","overlay-gradient":""},"tablet":{"background-color":"var(--ast-global-color-4)","background-image":"","background-repeat":"repeat","background-position":"center center","background-size":"auto","background-attachment":"scroll","background-type":"","background-media":"","overlay-type":"","overlay-color":"","overlay-opacity":"","overlay-gradient":""},"mobile":{"background-color":"var(--ast-global-color-4)","background-image":"","background-repeat":"repeat","background-position":"center center","background-size":"auto","background-attachment":"scroll","background-type":"","background-media":"","overlay-type":"","overlay-color":"","overlay-opacity":"","overlay-gradient":""}},"footnotes":""},"class_list":["post-1307","page","type-page","status-publish","hentry"],"acf":[],"uagb_featured_image_src":{"full":false,"thumbnail":false,"medium":false,"medium_large":false,"large":false,"1536x1536":false,"2048x2048":false},"uagb_author_info":{"display_name":"Stico","author_link":"https:\/\/sticoverse.fr\/index.php\/author\/stico\/"},"uagb_comment_info":0,"uagb_excerpt":null,"_links":{"self":[{"href":"https:\/\/sticoverse.fr\/index.php\/wp-json\/wp\/v2\/pages\/1307","targetHints":{"allow":["GET"]}}],"collection":[{"href":"https:\/\/sticoverse.fr\/index.php\/wp-json\/wp\/v2\/pages"}],"about":[{"href":"https:\/\/sticoverse.fr\/index.php\/wp-json\/wp\/v2\/types\/page"}],"author":[{"embeddable":true,"href":"https:\/\/sticoverse.fr\/index.php\/wp-json\/wp\/v2\/users\/1"}],"replies":[{"embeddable":true,"href":"https:\/\/sticoverse.fr\/index.php\/wp-json\/wp\/v2\/comments?post=1307"}],"version-history":[{"count":14,"href":"https:\/\/sticoverse.fr\/index.php\/wp-json\/wp\/v2\/pages\/1307\/revisions"}],"predecessor-version":[{"id":1543,"href":"https:\/\/sticoverse.fr\/index.php\/wp-json\/wp\/v2\/pages\/1307\/revisions\/1543"}],"wp:attachment":[{"href":"https:\/\/sticoverse.fr\/index.php\/wp-json\/wp\/v2\/media?parent=1307"}],"curies":[{"name":"wp","href":"https:\/\/api.w.org\/{rel}","templated":true}]}}